{"id":1460,"date":"2025-06-21T16:58:23","date_gmt":"2025-06-21T16:58:23","guid":{"rendered":"https:\/\/www.florisjespers.com\/?page_id=1460"},"modified":"2025-06-30T21:43:33","modified_gmt":"2025-06-30T21:43:33","slug":"03-00-04-laatste-tekening","status":"publish","type":"page","link":"https:\/\/www.florisjespers.com\/fr\/03-00-04-laatste-tekening\/","title":{"rendered":"03-00-04 Laatste Tekening"},"content":{"rendered":"<h2 class=\"wp-block-heading\"><strong>Dernier dessin, 16\/04\/1965<\/strong><\/h2>\n\n\n\n<div style=\"height:23px\" aria-hidden=\"true\" class=\"wp-block-spacer\"><\/div>\n\n\n\n<figure class=\"wp-block-image size-large\"><img decoding=\"async\" width=\"1024\" height=\"779\" data-src=\"https:\/\/www.florisjespers.com\/wp-content\/uploads\/2025\/06\/jespers_186-1024x779.jpg\" alt=\"\" class=\"wp-image-719 lazyload\" data-srcset=\"https:\/\/www.florisjespers.com\/wp-content\/uploads\/2025\/06\/jespers_186-1024x779.jpg 1024w, https:\/\/www.florisjespers.com\/wp-content\/uploads\/2025\/06\/jespers_186-300x228.jpg 300w, https:\/\/www.florisjespers.com\/wp-content\/uploads\/2025\/06\/jespers_186-768x584.jpg 768w, https:\/\/www.florisjespers.com\/wp-content\/uploads\/2025\/06\/jespers_186-1536x1168.jpg 1536w, https:\/\/www.florisjespers.com\/wp-content\/uploads\/2025\/06\/jespers_186.jpg 1600w\" data-sizes=\"(max-width: 1024px) 100vw, 1024px\" src=\"data:image\/svg+xml;base64,PHN2ZyB3aWR0aD0iMSIgaGVpZ2h0PSIxIiB4bWxucz0iaHR0cDovL3d3dy53My5vcmcvMjAwMC9zdmciPjwvc3ZnPg==\" style=\"--smush-placeholder-width: 1024px; --smush-placeholder-aspect-ratio: 1024\/779;\" \/><\/figure>\n\n\n\n<div style=\"height:23px\" aria-hidden=\"true\" class=\"wp-block-spacer\"><\/div>\n\n\n\n<h3 class=\"wp-block-heading\"><strong>L'\u0153uvre<\/strong><\/h3>\n\n\n\n<ul class=\"wp-block-list\">\n<li><strong>Titre<\/strong>: Dernier dessin<\/li>\n\n\n\n<li><strong>Artiste<\/strong>: Floris Jespers<\/li>\n\n\n\n<li><strong>Date<\/strong>: 16\/04\/1965<\/li>\n\n\n\n<li><strong>Technique<\/strong>: Stylo \u00e0 bille sur papier<\/li>\n\n\n\n<li><strong>Dimensions<\/strong>: 16 x 21 cm<\/li>\n<\/ul>\n\n\n\n<hr class=\"wp-block-separator has-alpha-channel-opacity\"\/>\n\n\n\n<h3 class=\"wp-block-heading\"><strong>La quintessence<\/strong><\/h3>\n\n\n\n<p>Ce dessin, r\u00e9alis\u00e9 seulement quelques heures avant sa mort, est le document le plus intime et \u00e9mouvant de la vie de Floris Jespers. Ce n'est pas une esquisse fugitive, mais un <strong>testament conscient et lucide<\/strong>. En dessinant le symbole du cygne sur la table, l'artiste a consciemment mis en sc\u00e8ne son propre <strong>\u2018chant du cygne\u2019, l'\u00e9pilogue parfait<\/strong> de <strong>l'\u2018histoire compl\u00e8te\u2019<\/strong> que raconte cette collection.<\/p>\n\n\n\n<hr class=\"wp-block-separator has-alpha-channel-opacity\"\/>\n\n\n\n<h3 class=\"wp-block-heading\"><strong>Un Regard Approfondi<\/strong><\/h3>\n\n\n\n<h4 class=\"wp-block-heading\">Un Testament sur Table<\/h4>\n\n\n\n<p>Le dessin montre un dernier inventaire affectueux des th\u00e8mes qui ont donn\u00e9 un sens \u00e0 la vie de l'artiste. La nature morte sur la table \u2013 avec son <strong>violoncelle<\/strong>, un <strong>livre ouvert<\/strong>, des fleurs et des fruits \u2013 est une r\u00e9f\u00e9rence directe et \u00e9mouvante \u00e0 son pass\u00e9. Le <strong>violoncelle<\/strong> est un \u00e9cho sp\u00e9cifique \u00e0 sa jeunesse de <strong>musicien professionnel<\/strong> et <strong>le violoncelle baroque de 1753<\/strong> avec lequel son parcours artistique a commenc\u00e9. L'art (les cadres au mur), la litt\u00e9rature (le livre), la nature (les fleurs) et les plaisirs sensoriels (les fruits) forment ensemble un r\u00e9sum\u00e9 final de son monde.<\/p>\n\n\n\n<h4 class=\"wp-block-heading\">La Boucle est Boucl\u00e9e<\/h4>\n\n\n\n<p>Ce dessin forme le <strong>miroir<\/strong> du po\u00e8me \u2018Marc groet \u2018s morgens de dingen\u2019 (Le Matin, Marc salue les choses) de son ami Paul van Ostaijen. L\u00e0 o\u00f9 l'enfant donne vie au monde, le vieux ma\u00eetre prend ici cong\u00e9 de ce m\u00eame monde avec une s\u00e9r\u00e9nit\u00e9 profonde et m\u00e9lancolique. La boucle est \u00e9galement boucl\u00e9e par la pr\u00e9sence silencieuse de sa femme Olympe, le <strong>t\u00e9moin attentionn\u00e9<\/strong>, qu'il a si vivement portraitur\u00e9e dans sa jeunesse et qui l'a soutenu jusqu'\u00e0 la fin.<\/p>\n\n\n\n<h4 class=\"wp-block-heading\">La Libert\u00e9 Ultime<\/h4>\n\n\n\n<p>En tant qu'incarnation de sa derni\u00e8re phase artistique, <strong>\u2018La Libert\u00e9 de Peindre\u2019<\/strong>, la technique ici est d\u00e9pouill\u00e9e de toute pr\u00e9tention. Le choix <strong>d'un stylo \u00e0 bille sur du papier lign\u00e9<\/strong> de tous les jours est un acte <strong>d'humilit\u00e9 artistique<\/strong>. Toutes les techniques complexes sont abandonn\u00e9es ; ce qui reste, c'est <strong>la ligne la plus directe, pure et non filtr\u00e9e<\/strong>. Bien que la ligne montre une fragilit\u00e9 physique, la composition parfaitement \u00e9quilibr\u00e9e t\u00e9moigne <strong>d'une ma\u00eetrise de toute une vie<\/strong> qui est rest\u00e9e intacte jusqu'\u00e0 la fin.<\/p>\n\n\n\n<hr class=\"wp-block-separator has-alpha-channel-opacity\"\/>\n\n\n\n<h3 class=\"wp-block-heading\"><strong>Un Document Unique<\/strong><\/h3>\n\n\n\n<p>Ce dessin, un rare <em><strong>document humain<\/strong><\/em>, forme un <strong>diptyque indispensable<\/strong> avec l'\u0153uvre <strong>\u2018Clown avec l'ange de la mort\u2019<\/strong>. L\u00e0 o\u00f9 le \u2018Clown\u2019 repr\u00e9sente la confrontation angoissante avec l'inconnu, ce \u2018Chant du Cygne\u2019 montre l'acceptation sereine et affectueuse de l'adieu au connu. Ensemble, ils offrent un aper\u00e7u complet et unique de la derni\u00e8re phase de la vie de l'artiste.<\/p>\n\n\n\n<div style=\"height:24px\" aria-hidden=\"true\" class=\"wp-block-spacer\"><\/div>\n\n\n\n<div class=\"wp-block-columns is-layout-flex wp-container-core-columns-is-layout-28f84493 wp-block-columns-is-layout-flex\">\n<div class=\"wp-block-column is-layout-flow wp-block-column-is-layout-flow\">\n<div class=\"wp-block-buttons is-layout-flex wp-block-buttons-is-layout-flex\">\n<div class=\"wp-block-button\"><a class=\"wp-block-button__link wp-element-button\" href=\"https:\/\/www.florisjespers.com\/fr\/?page_id=1522\">Clown avec l'Ange\u2026<\/a><\/div>\n<\/div>\n<\/div>\n\n\n\n<div class=\"wp-block-column is-layout-flow wp-block-column-is-layout-flow\">\n<div class=\"wp-block-buttons is-content-justification-center is-layout-flex wp-container-core-buttons-is-layout-a89b3969 wp-block-buttons-is-layout-flex\">\n<div class=\"wp-block-button\"><a class=\"wp-block-button__link wp-element-button\" href=\"https:\/\/www.florisjespers.com\/fr\/?page_id=1442\">Dessin d'enfant<\/a><\/div>\n<\/div>\n<\/div>\n\n\n\n<div class=\"wp-block-column is-layout-flow wp-block-column-is-layout-flow\">\n<div class=\"wp-block-buttons is-content-justification-right is-layout-flex wp-container-core-buttons-is-layout-d445cf74 wp-block-buttons-is-layout-flex\">\n<div class=\"wp-block-button\"><a class=\"wp-block-button__link wp-element-button\" href=\"https:\/\/www.florisjespers.com\/fr\/?page_id=165\">Vie Jespers<\/a><\/div>\n<\/div>\n<\/div>\n<\/div>\n\n\n\n<div class=\"wp-block-buttons is-layout-flex wp-block-buttons-is-layout-flex\">\n<div class=\"wp-block-button\"><a class=\"wp-block-button__link wp-element-button\" href=\"https:\/\/www.florisjespers.com\/fr\/?page_id=1036\">De son premier dessin d'enfant \u00e0 ce dernier trait : d\u00e9couvrez pourquoi l'histoire compl\u00e8te de ce parcours unique doit \u00eatre pr\u00e9serv\u00e9e.<\/a><\/div>\n<\/div>\n\n\n\n<div class=\"wp-block-buttons is-content-justification-right is-layout-flex wp-container-core-buttons-is-layout-d445cf74 wp-block-buttons-is-layout-flex\">\n<div class=\"wp-block-button\"><a class=\"wp-block-button__link wp-element-button\" href=\"https:\/\/www.florisjespers.com\/fr\/?page_id=1030\">Retour aux \u0152uvres Ma\u00eetresses<\/a><\/div>\n<\/div>","protected":false},"excerpt":{"rendered":"<p>Laatste tekening, 16\/04\/1965 Het werk In Essentie Deze tekening, gemaakt slechts enkele uren voor zijn dood, is het meest intieme en ontroerende document uit het leven van Floris Jespers. Het is geen vluchtige schets, maar een bewust en lucide testament. Door het symbool van de zwaan op tafel te tekenen, regisseerde de kunstenaar bewust zijn [&hellip;]<\/p>\n","protected":false},"author":1,"featured_media":0,"parent":0,"menu_order":0,"comment_status":"closed","ping_status":"closed","template":"","meta":{"footnotes":""},"class_list":["post-1460","page","type-page","status-publish","hentry"],"_links":{"self":[{"href":"https:\/\/www.florisjespers.com\/fr\/wp-json\/wp\/v2\/pages\/1460","targetHints":{"allow":["GET"]}}],"collection":[{"href":"https:\/\/www.florisjespers.com\/fr\/wp-json\/wp\/v2\/pages"}],"about":[{"href":"https:\/\/www.florisjespers.com\/fr\/wp-json\/wp\/v2\/types\/page"}],"author":[{"embeddable":true,"href":"https:\/\/www.florisjespers.com\/fr\/wp-json\/wp\/v2\/users\/1"}],"replies":[{"embeddable":true,"href":"https:\/\/www.florisjespers.com\/fr\/wp-json\/wp\/v2\/comments?post=1460"}],"version-history":[{"count":11,"href":"https:\/\/www.florisjespers.com\/fr\/wp-json\/wp\/v2\/pages\/1460\/revisions"}],"predecessor-version":[{"id":1753,"href":"https:\/\/www.florisjespers.com\/fr\/wp-json\/wp\/v2\/pages\/1460\/revisions\/1753"}],"wp:attachment":[{"href":"https:\/\/www.florisjespers.com\/fr\/wp-json\/wp\/v2\/media?parent=1460"}],"curies":[{"name":"wp","href":"https:\/\/api.w.org\/{rel}","templated":true}]}}