{"id":1491,"date":"2025-06-21T23:34:42","date_gmt":"2025-06-21T23:34:42","guid":{"rendered":"https:\/\/www.florisjespers.com\/?page_id=1491"},"modified":"2025-06-29T22:27:53","modified_gmt":"2025-06-29T22:27:53","slug":"03-00-09-sint-franciscus","status":"publish","type":"page","link":"https:\/\/www.florisjespers.com\/fr\/03-00-09-sint-franciscus\/","title":{"rendered":"03-00-09 Sint-Franciscus"},"content":{"rendered":"<h2 class=\"wp-block-heading\"><strong>Saint-Fran\u00e7ois, 1943<\/strong><\/h2>\n\n\n\n<div style=\"height:23px\" aria-hidden=\"true\" class=\"wp-block-spacer\"><\/div>\n\n\n\n<figure class=\"wp-block-image size-large\"><img decoding=\"async\" width=\"702\" height=\"1024\" data-src=\"https:\/\/www.florisjespers.com\/wp-content\/uploads\/2025\/06\/jespers_296-702x1024.jpg\" alt=\"\" class=\"wp-image-1380 lazyload\" data-srcset=\"https:\/\/www.florisjespers.com\/wp-content\/uploads\/2025\/06\/jespers_296-702x1024.jpg 702w, https:\/\/www.florisjespers.com\/wp-content\/uploads\/2025\/06\/jespers_296-206x300.jpg 206w, https:\/\/www.florisjespers.com\/wp-content\/uploads\/2025\/06\/jespers_296-768x1120.jpg 768w, https:\/\/www.florisjespers.com\/wp-content\/uploads\/2025\/06\/jespers_296-1053x1536.jpg 1053w, https:\/\/www.florisjespers.com\/wp-content\/uploads\/2025\/06\/jespers_296.jpg 1097w\" data-sizes=\"(max-width: 702px) 100vw, 702px\" src=\"data:image\/svg+xml;base64,PHN2ZyB3aWR0aD0iMSIgaGVpZ2h0PSIxIiB4bWxucz0iaHR0cDovL3d3dy53My5vcmcvMjAwMC9zdmciPjwvc3ZnPg==\" style=\"--smush-placeholder-width: 702px; --smush-placeholder-aspect-ratio: 702\/1024;\" \/><\/figure>\n\n\n\n<div style=\"height:23px\" aria-hidden=\"true\" class=\"wp-block-spacer\"><\/div>\n\n\n\n<h3 class=\"wp-block-heading\"><strong>L'\u0153uvre<\/strong><\/h3>\n\n\n\n<ul class=\"wp-block-list\">\n<li><strong>Titre<\/strong>: Saint-Fran\u00e7ois<\/li>\n\n\n\n<li><strong>Artiste<\/strong>: Floris Jespers<\/li>\n\n\n\n<li><strong>Date<\/strong>: 1943<\/li>\n\n\n\n<li><strong>Technique<\/strong>: Huile sur toile<\/li>\n\n\n\n<li><strong>Dimensions<\/strong>: 200 x 150 cm<\/li>\n<\/ul>\n\n\n\n<hr class=\"wp-block-separator has-alpha-channel-opacity\"\/>\n\n\n\n<h3 class=\"wp-block-heading\"><strong>La quintessence<\/strong><\/h3>\n\n\n\n<p>Ce <em>\u201cSaint-Fran\u00e7ois\u201d<\/em> monumental est un <strong>chef-d'\u0153uvre absolu<\/strong> de la <strong>p\u00e9riode contemplative<\/strong> de Floris Jespers durant la <strong>Seconde Guerre mondiale<\/strong>. Peinte en 1943, l'\u0153uvre est un puissant <strong>symbole de paix et de r\u00e9silience spirituelle<\/strong> en des temps sombres. Au sein de la collection, elle est d'une importance capitale en tant que <strong>pont stylistique et spirituel indispensable<\/strong> vers sa c\u00e9l\u00e8bre <strong>p\u00e9riode congolaise<\/strong>.<\/p>\n\n\n\n<hr class=\"wp-block-separator has-alpha-channel-opacity\"\/>\n\n\n\n<h3 class=\"wp-block-heading\"><strong>Un Regard Approfondi<\/strong><\/h3>\n\n\n\n<h4 class=\"wp-block-heading\">La Sc\u00e8ne : Un Saint dans la Temp\u00eate<\/h4>\n\n\n\n<p>Nous voyons une <strong>figure de moine monumentale<\/strong> qui se dresse avec fermet\u00e9 dans un <strong>paysage d\u00e9sol\u00e9 et hostile<\/strong>, sous un <strong>ciel mena\u00e7ant et sombre<\/strong>. L'atmosph\u00e8re est celle de la solitude et de la pers\u00e9v\u00e9rance. Le saint est entour\u00e9 d'une grande vache sombre et d'un petit mouton lumineux, qui symbolisent son lien avec la nature. Les formes ne sont pas d\u00e9taill\u00e9es, mais model\u00e9es avec des couches de peinture \u00e9paisses et lourdes.<\/p>\n\n\n\n<h4 class=\"wp-block-heading\">Les Symboles : Espoir en Temps de Guerre<\/h4>\n\n\n\n<p>Compte tenu de la date, le symbolisme de cette \u0153uvre est immense. Le choix de Saint-Fran\u00e7ois, symbole de <strong>paix, d'humilit\u00e9 et de non-violence<\/strong>, est un contrepoint direct \u00e0 la folie de la guerre. Sa posture in\u00e9branlable dans le paysage orageux symbolise la <strong>r\u00e9silience spirituelle et la pers\u00e9v\u00e9rance<\/strong>. Les animaux renforcent cela : la <strong>vache<\/strong> comme symbole de la terre et de la vie, et le <strong>mouton<\/strong> comme signe d'innocence et d'espoir.<\/p>\n\n\n\n<h4 class=\"wp-block-heading\">Le Cha\u00eenon : Le Pont vers le Congo<\/h4>\n\n\n\n<p>Le r\u00f4le le plus important de cette \u0153uvre est celui de <strong>cha\u00eenon indispensable<\/strong> vers son travail africain ult\u00e9rieur. Elle forme un <strong>diptyque th\u00e9matique<\/strong> avec <strong><em>\"L'Annonciation\"<\/em>&#8220;<\/strong> par la qu\u00eate partag\u00e9e d'une <strong>\u2018spiritualit\u00e9 terrestre\u2019<\/strong>. Plus important encore, le style \u2013 les <strong>formes monumentales, simplifi\u00e9es et expressives<\/strong> et la <strong>palette de couleurs sombres et terrestres<\/strong> \u2013 est un <strong>pr\u00e9curseur stylistique direct<\/strong> de la mani\u00e8re dont il repr\u00e9sentera les figures dans ses peintures africaines. Cette \u0153uvre prouve que son voyage au Congo n'\u00e9tait pas une rupture, mais la <strong>continuation logique<\/strong> d'une qu\u00eate qui avait d\u00e9j\u00e0 commenc\u00e9 sur le sol belge.<\/p>\n\n\n\n<hr class=\"wp-block-separator has-alpha-channel-opacity\"\/>\n\n\n\n<h3 class=\"wp-block-heading\"><strong>Un Chef-d'\u0153uvre Reconnu<\/strong><\/h3>\n\n\n\n<h4 class=\"wp-block-heading\">Un Chef-d'\u0153uvre de l'Expressionnisme Flamand <\/h4>\n\n\n\n<p><em>\u201cSaint-Fran\u00e7ois\u201d<\/em> est un exemple marquant de <strong>l'Expressionnisme flamand<\/strong>. La repr\u00e9sentation subjective de la r\u00e9alit\u00e9, <strong>le traitement lourd et physique de la peinture (emp\u00e2tement)<\/strong> et <strong>la simplification monumentale<\/strong> des formes sont caract\u00e9ristiques de ce courant. L'\u00e9chelle monumentale de l'\u0153uvre souligne l'ambition et la force de cette vision artistique.<\/p>\n\n\n\n<div style=\"height:24px\" aria-hidden=\"true\" class=\"wp-block-spacer\"><\/div>\n\n\n\n<div class=\"wp-block-columns is-layout-flex wp-container-core-columns-is-layout-28f84493 wp-block-columns-is-layout-flex\">\n<div class=\"wp-block-column is-layout-flow wp-block-column-is-layout-flow\">\n<div class=\"wp-block-buttons is-layout-flex wp-block-buttons-is-layout-flex\">\n<div class=\"wp-block-button\"><a class=\"wp-block-button__link wp-element-button\" href=\"https:\/\/www.florisjespers.com\/fr\/?page_id=1435\">L'Annonciation<\/a><\/div>\n<\/div>\n<\/div>\n\n\n\n<div class=\"wp-block-column is-layout-flow wp-block-column-is-layout-flow\">\n<div class=\"wp-block-buttons is-content-justification-center is-layout-flex wp-container-core-buttons-is-layout-a89b3969 wp-block-buttons-is-layout-flex\">\n<div class=\"wp-block-button\"><a class=\"wp-block-button__link wp-element-button\" href=\"https:\/\/www.florisjespers.com\/fr\/?page_id=1482\">Groupe de femmes africaines<\/a><\/div>\n<\/div>\n<\/div>\n\n\n\n<div class=\"wp-block-column is-layout-flow wp-block-column-is-layout-flow\">\n<div class=\"wp-block-buttons is-content-justification-right is-layout-flex wp-container-core-buttons-is-layout-d445cf74 wp-block-buttons-is-layout-flex\">\n<div class=\"wp-block-button\"><a class=\"wp-block-button__link wp-element-button\" href=\"https:\/\/www.florisjespers.com\/fr\/?page_id=165\">Vie Jespers<\/a><\/div>\n<\/div>\n<\/div>\n<\/div>\n\n\n\n<div class=\"wp-block-buttons is-layout-flex wp-block-buttons-is-layout-flex\">\n<div class=\"wp-block-button\"><a class=\"wp-block-button__link wp-element-button\" href=\"https:\/\/www.florisjespers.com\/fr\/?page_id=1036\">Cette \u0153uvre est le pont crucial vers sa c\u00e9l\u00e8bre p\u00e9riode congolaise. D\u00e9couvrez l'histoire compl\u00e8te que raconte la collection.<\/a><\/div>\n<\/div>\n\n\n\n<div class=\"wp-block-buttons is-layout-flex wp-block-buttons-is-layout-flex\">\n<div class=\"wp-block-button\"><a class=\"wp-block-button__link wp-element-button\" href=\"https:\/\/www.florisjespers.com\/fr\/?page_id=1030\">Retour aux \u0152uvres Ma\u00eetresses<\/a><\/div>\n<\/div>","protected":false},"excerpt":{"rendered":"<p>Sint-Franciscus, 1943 Het werk In Essentie Dit monumentale &#8220;Sint-Franciscus&#8221; is een absoluut meesterwerk uit de contemplatieve periode van Floris Jespers tijdens de Tweede Wereldoorlog. Geschilderd in 1943 is het werk een krachtig symbool van vrede en spirituele veerkracht in donkere tijden. Binnen de collectie is het van kapitaal belang als de onmisbare stilistische en spirituele [&hellip;]<\/p>\n","protected":false},"author":1,"featured_media":0,"parent":0,"menu_order":0,"comment_status":"closed","ping_status":"closed","template":"","meta":{"footnotes":""},"class_list":["post-1491","page","type-page","status-publish","hentry"],"_links":{"self":[{"href":"https:\/\/www.florisjespers.com\/fr\/wp-json\/wp\/v2\/pages\/1491","targetHints":{"allow":["GET"]}}],"collection":[{"href":"https:\/\/www.florisjespers.com\/fr\/wp-json\/wp\/v2\/pages"}],"about":[{"href":"https:\/\/www.florisjespers.com\/fr\/wp-json\/wp\/v2\/types\/page"}],"author":[{"embeddable":true,"href":"https:\/\/www.florisjespers.com\/fr\/wp-json\/wp\/v2\/users\/1"}],"replies":[{"embeddable":true,"href":"https:\/\/www.florisjespers.com\/fr\/wp-json\/wp\/v2\/comments?post=1491"}],"version-history":[{"count":6,"href":"https:\/\/www.florisjespers.com\/fr\/wp-json\/wp\/v2\/pages\/1491\/revisions"}],"predecessor-version":[{"id":1744,"href":"https:\/\/www.florisjespers.com\/fr\/wp-json\/wp\/v2\/pages\/1491\/revisions\/1744"}],"wp:attachment":[{"href":"https:\/\/www.florisjespers.com\/fr\/wp-json\/wp\/v2\/media?parent=1491"}],"curies":[{"name":"wp","href":"https:\/\/api.w.org\/{rel}","templated":true}]}}