{"id":1507,"date":"2025-06-22T10:51:50","date_gmt":"2025-06-22T10:51:50","guid":{"rendered":"https:\/\/www.florisjespers.com\/?page_id=1507"},"modified":"2025-06-30T21:14:07","modified_gmt":"2025-06-30T21:14:07","slug":"03-00-12-paysage-a-lodeur-de-savon-parfume","status":"publish","type":"page","link":"https:\/\/www.florisjespers.com\/fr\/03-00-12-paysage-a-lodeur-de-savon-parfume\/","title":{"rendered":"03-00-12 Paysage \u00e0 l&#8217;odeur de savon parfum\u00e9"},"content":{"rendered":"<h2 class=\"wp-block-heading\"><strong>Paysage \u00e0 l\u2019odeur de savon parfum\u00e9<\/strong><\/h2>\n\n\n\n<div style=\"height:23px\" aria-hidden=\"true\" class=\"wp-block-spacer\"><\/div>\n\n\n\n<figure class=\"wp-block-image size-large\"><img decoding=\"async\" width=\"1024\" height=\"834\" data-src=\"https:\/\/www.florisjespers.com\/wp-content\/uploads\/2025\/06\/jespers_013-1024x834.jpg\" alt=\"\" class=\"wp-image-546 lazyload\" data-srcset=\"https:\/\/www.florisjespers.com\/wp-content\/uploads\/2025\/06\/jespers_013-1024x834.jpg 1024w, https:\/\/www.florisjespers.com\/wp-content\/uploads\/2025\/06\/jespers_013-300x244.jpg 300w, https:\/\/www.florisjespers.com\/wp-content\/uploads\/2025\/06\/jespers_013-768x625.jpg 768w, https:\/\/www.florisjespers.com\/wp-content\/uploads\/2025\/06\/jespers_013-1536x1251.jpg 1536w, https:\/\/www.florisjespers.com\/wp-content\/uploads\/2025\/06\/jespers_013.jpg 1600w\" data-sizes=\"(max-width: 1024px) 100vw, 1024px\" src=\"data:image\/svg+xml;base64,PHN2ZyB3aWR0aD0iMSIgaGVpZ2h0PSIxIiB4bWxucz0iaHR0cDovL3d3dy53My5vcmcvMjAwMC9zdmciPjwvc3ZnPg==\" style=\"--smush-placeholder-width: 1024px; --smush-placeholder-aspect-ratio: 1024\/834;\" \/><\/figure>\n\n\n\n<div style=\"height:23px\" aria-hidden=\"true\" class=\"wp-block-spacer\"><\/div>\n\n\n\n<h3 class=\"wp-block-heading\"><strong>L'\u0153uvre<\/strong><\/h3>\n\n\n\n<ul class=\"wp-block-list\">\n<li><strong>Titre<\/strong>: Paysage \u00e0 l\u2019odeur de savon parfum\u00e9<\/li>\n\n\n\n<li><strong>Artiste<\/strong>: Floris Jespers<\/li>\n\n\n\n<li><strong>Date<\/strong>: 1964<\/li>\n\n\n\n<li><strong>Technique<\/strong>: Huile sur toile<\/li>\n\n\n\n<li><strong>Dimensions<\/strong>: 80 x 100 cm<\/li>\n<\/ul>\n\n\n\n<hr class=\"wp-block-separator has-alpha-channel-opacity\"\/>\n\n\n\n<h3 class=\"wp-block-heading\"><strong>La quintessence<\/strong><\/h3>\n\n\n\n<p>Cette peinture puissante et vitale est consid\u00e9r\u00e9e comme <strong>l'\u0153uvre la plus importante<\/strong> de la <strong>p\u00e9riode espagnole<\/strong> tardive de Floris Jespers. C'est un testament de sa <strong>vitalit\u00e9 cr\u00e9ative tardive<\/strong> et un exemple parfait de la <strong>libert\u00e9 artistique absolue<\/strong> qui a caract\u00e9ris\u00e9 sa derni\u00e8re phase de vie. L'\u0153uvre n'est pas une simple repr\u00e9sentation d'un paysage, mais un souvenir intense, sensoriel et po\u00e9tique.<\/p>\n\n\n\n<hr class=\"wp-block-separator has-alpha-channel-opacity\"\/>\n\n\n\n<h3 class=\"wp-block-heading\"><strong>Un Regard Approfondi<\/strong><\/h3>\n\n\n\n<h4 class=\"wp-block-heading\">La Sc\u00e8ne : Un Paysage Sensoriel<\/h4>\n\n\n\n<p>Le tableau montre un <strong>paysage rural dynamique et fragment\u00e9<\/strong> , baignant dans <strong>l'atmosph\u00e8re ensoleill\u00e9e et s\u00e8che<\/strong> de l'Espagne. Une figure courb\u00e9e, une charrette et un animal d\u00e9gringolent \u00e0 travers un paysage de terre rouge et de montagnes. Le titre \u00e9nigmatique, <strong>\u201cPaysage \u00e0 l'odeur de savon parfum\u00e9\u201d<\/strong>, ajoute une dimension \u00e9trange et <strong>sensorielle<\/strong> , sugg\u00e9rant que l'artiste ne peint pas seulement ce qu'il voit, mais aussi ce qu'il sent et ressent.<\/p>\n\n\n\n<h4 class=\"wp-block-heading\">Les Symboles : Nature, Culture et Souvenir<\/h4>\n\n\n\n<p>Le titre est la cl\u00e9 du symbolisme et ouvre la porte \u00e0 deux interpr\u00e9tations. Il peut faire r\u00e9f\u00e9rence \u00e0 une <strong>collision surr\u00e9aliste<\/strong> entre la nature brute et terrestre et l'odeur inattendue et \u2018civilis\u00e9e\u2019 du savon. Cependant, il peut aussi s'agir d'une <strong>description po\u00e9tique et synesth\u00e9sique<\/strong> de l'odeur des fleurs blanches, semblables \u00e0 des lys, dans le tableau. Dans les deux cas, il est clair que l'\u0153uvre capture un <strong>souvenir multi-sensoriel<\/strong> complexe.<\/p>\n\n\n\n<h4 class=\"wp-block-heading\">Le Cha\u00eenon : La Libert\u00e9 du Ma\u00eetre Tardif<\/h4>\n\n\n\n<p>Cette \u0153uvre est l'incarnation ultime de la derni\u00e8re phase artistique de Jespers, <strong>\u201cLa Libert\u00e9 de Peindre\u201d<\/strong>. Toutes les conventions stylistiques ant\u00e9rieures semblent abandonn\u00e9es au profit d'une <strong>peinture pure, intuitive et passionn\u00e9e<\/strong>. Le style explosif contraste vivement avec la perfection froide et ma\u00eetris\u00e9e de l'\u00e9glomis\u00e9 \" <strong><em>Port<\/em> \"<\/strong>, r\u00e9alis\u00e9 la m\u00eame ann\u00e9e, et avec la ligne fragile et sereine du <strong><em>\u201cDernier dessin\u201d<\/em><\/strong>. Cela montre l'incroyable polyvalence et <strong>l'\u00e9lan cr\u00e9atif inextinguible<\/strong> de l'artiste jusqu'\u00e0 la fin.<\/p>\n\n\n\n<hr class=\"wp-block-separator has-alpha-channel-opacity\"\/>\n\n\n\n<h3 class=\"wp-block-heading\"><strong>Le Point Culminant de la P\u00e9riode Espagnole<\/strong><\/h3>\n\n\n\n<p>Cette peinture est reconnue comme la <strong>peinture la plus importante<\/strong> de la p\u00e9riode que Jespers a pass\u00e9e en Espagne. Ce n'est pas un exercice tardif et r\u00e9p\u00e9titif, mais une <strong>derni\u00e8re flamb\u00e9e cr\u00e9ative<\/strong> dans laquelle Jespers explore un nouveau monde et une nouvelle mani\u00e8re de peindre, libre, avec une \u00e9nergie renouvel\u00e9e, presque juv\u00e9nile.<\/p>\n\n\n\n<div style=\"height:24px\" aria-hidden=\"true\" class=\"wp-block-spacer\"><\/div>\n\n\n\n<div class=\"wp-block-columns is-layout-flex wp-container-core-columns-is-layout-28f84493 wp-block-columns-is-layout-flex\">\n<div class=\"wp-block-column is-layout-flow wp-block-column-is-layout-flow\">\n<div class=\"wp-block-buttons is-layout-flex wp-block-buttons-is-layout-flex\">\n<div class=\"wp-block-button\"><a class=\"wp-block-button__link wp-element-button\" href=\"https:\/\/www.florisjespers.com\/fr\/?page_id=1498\">Port<\/a><\/div>\n<\/div>\n<\/div>\n\n\n\n<div class=\"wp-block-column is-layout-flow wp-block-column-is-layout-flow\">\n<div class=\"wp-block-buttons is-content-justification-center is-layout-flex wp-container-core-buttons-is-layout-a89b3969 wp-block-buttons-is-layout-flex\">\n<div class=\"wp-block-button\"><a class=\"wp-block-button__link wp-element-button\" href=\"https:\/\/www.florisjespers.com\/fr\/?page_id=1460\">Dernier dessin<\/a><\/div>\n<\/div>\n<\/div>\n\n\n\n<div class=\"wp-block-column is-layout-flow wp-block-column-is-layout-flow\">\n<div class=\"wp-block-buttons is-content-justification-right is-layout-flex wp-container-core-buttons-is-layout-d445cf74 wp-block-buttons-is-layout-flex\">\n<div class=\"wp-block-button\"><a class=\"wp-block-button__link wp-element-button\" href=\"https:\/\/www.florisjespers.com\/fr\/?page_id=165\">Vie Jespers<\/a><\/div>\n<\/div>\n<\/div>\n<\/div>\n\n\n\n<div class=\"wp-block-buttons is-layout-flex wp-block-buttons-is-layout-flex\">\n<div class=\"wp-block-button\"><a class=\"wp-block-button__link wp-element-button\" href=\"https:\/\/www.florisjespers.com\/fr\/?page_id=1036\">Cette \u0153uvre montre la libert\u00e9 explosive de Jespers \u00e0 la fin de sa vie. D\u00e9couvrez comment elle contraste avec d'autres styles dans l'histoire compl\u00e8te de la collection.<\/a><\/div>\n<\/div>\n\n\n\n<div class=\"wp-block-buttons is-content-justification-right is-layout-flex wp-container-core-buttons-is-layout-d445cf74 wp-block-buttons-is-layout-flex\">\n<div class=\"wp-block-button\"><a class=\"wp-block-button__link wp-element-button\" href=\"https:\/\/www.florisjespers.com\/fr\/?page_id=1030\">Retour aux \u0152uvres Ma\u00eetresses<\/a><\/div>\n<\/div>","protected":false},"excerpt":{"rendered":"<p>Paysage \u00e0 l&#8217;odeur de savon parfum\u00e9 Het werk In Essentie Dit krachtige en vitale schilderij wordt beschouwd als het belangrijkste werk uit de late Spaanse periode van Floris Jespers. Het is een testament van zijn late creatieve vitaliteit en een perfect voorbeeld van de absolute artistieke vrijheid die zijn laatste levensfase kenmerkte. Het werk is [&hellip;]<\/p>\n","protected":false},"author":1,"featured_media":0,"parent":0,"menu_order":0,"comment_status":"closed","ping_status":"closed","template":"","meta":{"footnotes":""},"class_list":["post-1507","page","type-page","status-publish","hentry"],"_links":{"self":[{"href":"https:\/\/www.florisjespers.com\/fr\/wp-json\/wp\/v2\/pages\/1507","targetHints":{"allow":["GET"]}}],"collection":[{"href":"https:\/\/www.florisjespers.com\/fr\/wp-json\/wp\/v2\/pages"}],"about":[{"href":"https:\/\/www.florisjespers.com\/fr\/wp-json\/wp\/v2\/types\/page"}],"author":[{"embeddable":true,"href":"https:\/\/www.florisjespers.com\/fr\/wp-json\/wp\/v2\/users\/1"}],"replies":[{"embeddable":true,"href":"https:\/\/www.florisjespers.com\/fr\/wp-json\/wp\/v2\/comments?post=1507"}],"version-history":[{"count":6,"href":"https:\/\/www.florisjespers.com\/fr\/wp-json\/wp\/v2\/pages\/1507\/revisions"}],"predecessor-version":[{"id":1751,"href":"https:\/\/www.florisjespers.com\/fr\/wp-json\/wp\/v2\/pages\/1507\/revisions\/1751"}],"wp:attachment":[{"href":"https:\/\/www.florisjespers.com\/fr\/wp-json\/wp\/v2\/media?parent=1507"}],"curies":[{"name":"wp","href":"https:\/\/api.w.org\/{rel}","templated":true}]}}