{"id":250,"date":"2025-06-02T13:13:59","date_gmt":"2025-06-02T13:13:59","guid":{"rendered":"https:\/\/www.florisjespers.com\/?page_id=250"},"modified":"2025-06-28T12:32:40","modified_gmt":"2025-06-28T12:32:40","slug":"00-00-home","status":"publish","type":"page","link":"https:\/\/www.florisjespers.com\/fr\/","title":{"rendered":"00-00 Home"},"content":{"rendered":"<figure class=\"wp-block-image alignwide size-large\"><img decoding=\"async\" width=\"1024\" height=\"355\" data-src=\"https:\/\/www.florisjespers.com\/wp-content\/uploads\/2025\/06\/jespers_001-1024x355.jpg\" alt=\"\" class=\"wp-image-534 lazyload\" data-srcset=\"https:\/\/www.florisjespers.com\/wp-content\/uploads\/2025\/06\/jespers_001-1024x355.jpg 1024w, https:\/\/www.florisjespers.com\/wp-content\/uploads\/2025\/06\/jespers_001-300x104.jpg 300w, https:\/\/www.florisjespers.com\/wp-content\/uploads\/2025\/06\/jespers_001-768x266.jpg 768w, https:\/\/www.florisjespers.com\/wp-content\/uploads\/2025\/06\/jespers_001-1536x532.jpg 1536w, https:\/\/www.florisjespers.com\/wp-content\/uploads\/2025\/06\/jespers_001.jpg 1600w\" data-sizes=\"(max-width: 1024px) 100vw, 1024px\" src=\"data:image\/svg+xml;base64,PHN2ZyB3aWR0aD0iMSIgaGVpZ2h0PSIxIiB4bWxucz0iaHR0cDovL3d3dy53My5vcmcvMjAwMC9zdmciPjwvc3ZnPg==\" style=\"--smush-placeholder-width: 1024px; --smush-placeholder-aspect-ratio: 1024\/355;\" \/><figcaption class=\"wp-element-caption\"><strong>Floris Jespers, <em>La Synthese du Congo<\/em>, 1957-1958<\/strong>, 200\u00d7600 cm, huile sur toile, maroufl\u00e9e sur panneau<\/figcaption><\/figure>\n\n\n\n<div style=\"height:5px\" aria-hidden=\"true\" class=\"wp-block-spacer\"><\/div>\n\n\n\n<h1 class=\"wp-block-heading has-text-align-center has-xx-large-font-size\"><strong>Floris Jespers : l\u2019histoire compl\u00e8te<\/strong><\/h1>\n\n\n\n<div style=\"height:24px\" aria-hidden=\"true\" class=\"wp-block-spacer\"><\/div>\n\n\n\n<hr class=\"wp-block-separator has-alpha-channel-opacity\"\/>\n\n\n\n<h2 class=\"wp-block-heading\">Une collection magistrale \u2013 une d\u00e9couverte num\u00e9rique \u2013 une occasion unique<\/h2>\n\n\n\n<div style=\"height:24px\" aria-hidden=\"true\" class=\"wp-block-spacer\"><\/div>\n\n\n\n<p>Plus de cent ans d'art, d'admiration et de collection se rejoignent dans <strong><em>La collection Floris Jespers<\/em><\/strong> \u2013 un ensemble soigneusement constitu\u00e9 autour de l'un des artistes les plus polyvalents de Flandre.<\/p>\n\n\n\n<p>De peintures color\u00e9es \u00e0 des dessins intimes, de gravures uniques \u00e0 des objets patrimoniaux tels que le violoncelle et la bo\u00eete de peinture de Jespers \u2013 cette collection raconte l'histoire compl\u00e8te d'un artiste en avance sur son temps.<\/p>\n\n\n\n<div style=\"height:24px\" aria-hidden=\"true\" class=\"wp-block-spacer\"><\/div>\n\n\n\n<hr class=\"wp-block-separator has-alpha-channel-opacity\"\/>\n\n\n\n<div style=\"height:24px\" aria-hidden=\"true\" class=\"wp-block-spacer\"><\/div>\n\n\n\n<h2 class=\"wp-block-heading\">D\u00e9couvrez Jespers, pas \u00e0 pas<\/h2>\n\n\n\n<p>Pour la premi\u00e8re fois, <em>La collection Floris Jespers<\/em> est \u00e9galement <strong>d\u00e9voil\u00e9e en ligne<\/strong>.<br>R\u00e9guli\u00e8rement, une nouvelle \u0153uvre est <strong>mise en lumi\u00e8re<\/strong> \u2013 une peinture, un dessin, une gravure, un d\u00e9tail, une histoire. Ainsi, vous d\u00e9couvrirez progressivement la couleur de Jespers, sa force, son regard sur le monde.<\/p>\n\n\n\n<p>N'h\u00e9sitez pas \u00e0 revenir. Il y a toujours quelque chose de nouveau \u00e0 d\u00e9couvrir.<br>Laissez-vous vous perdre \u2013 cette collection invite \u00e0 regarder, \u00e0 chercher et \u00e0 s'attarder.<\/p>\n\n\n\n<div style=\"height:24px\" aria-hidden=\"true\" class=\"wp-block-spacer\"><\/div>\n\n\n\n<hr class=\"wp-block-separator has-alpha-channel-opacity\"\/>\n\n\n\n<div style=\"height:24px\" aria-hidden=\"true\" class=\"wp-block-spacer\"><\/div>\n\n\n\n<h2 class=\"wp-block-heading\">Une collection unique,<br>vers un avenir partag\u00e9 ?<\/h2>\n\n\n\n<p>La collection Floris Jespers, archive culturelle exceptionnelle et non reproductible, est aujourd'tui propos\u00e9e \u00e0 la vente pour la premi\u00e8re fois en tant qu' <strong>ensemble indivisible.<\/strong> Il ne s'agit pas d'une simple vente, mais de l'aboutissement d'une mission de toute une vie : la sauvegarde d'une pi\u00e8ce cruciale du patrimoine flamand.<\/p>\n\n\n\n<p>Ce projet est port\u00e9 par l'historien de l'art et sp\u00e9cialiste de Jespers, <strong>Stijn Vanwijnsberghe<\/strong>. Le r\u00eave est de trouver une destination p\u00e9renne pour cette histoire unique qui embrasse plus d'un si\u00e8cle, de pr\u00e9f\u00e9rence en Flandre.<\/p>\n\n\n\n<div class=\"wp-block-buttons is-layout-flex wp-block-buttons-is-layout-flex\">\n<div class=\"wp-block-button\"><a class=\"wp-block-button__link wp-element-button\" href=\"https:\/\/www.florisjespers.com\/fr\/?page_id=258\">D\u00e9couvrez le sens de cette collection<\/a><\/div>\n<\/div>\n\n\n\n<div style=\"height:23px\" aria-hidden=\"true\" class=\"wp-block-spacer\"><\/div>\n\n\n\n<hr class=\"wp-block-separator has-alpha-channel-opacity\"\/>\n\n\n\n<blockquote class=\"wp-block-quote is-layout-flow wp-block-quote-is-layout-flow\">\n<p class=\"has-text-align-center has-xx-large-font-size\">\"Nul besoin d'\u00eatre un connaisseur pour \u00eatre touch\u00e9 par Jespers. Il suffit de regarder.\"<\/p>\n<\/blockquote>\n\n\n\n<hr class=\"wp-block-separator has-alpha-channel-opacity\"\/>\n\n\n\n<div style=\"height:9px\" aria-hidden=\"true\" class=\"wp-block-spacer\"><\/div>\n\n\n\n<p class=\"has-text-align-center\"><strong>Fascin\u00e9 par Jespers ?<\/strong><br><a href=\"https:\/\/www.florisjespers.com\/fr\/?page_id=1062\" data-type=\"page\" data-id=\"1062\">N'h\u00e9sitez pas \u00e0 prendre contact.<\/a><\/p>\n\n\n\n<div style=\"height:9px\" aria-hidden=\"true\" class=\"wp-block-spacer\"><\/div>\n\n\n\n<hr class=\"wp-block-separator has-alpha-channel-opacity\"\/>\n\n\n\n<p><\/p>","protected":false},"excerpt":{"rendered":"<p>Floris Jespers: het volledige verhaal Een meesterlijke verzameling &#8211; een digitale ontdekking &#8211; een unieke kans. Meer dan honderd jaar aan kunst, bewondering en verzamelen komt samen in De collectie Floris Jespers \u2013 een zorgvuldig opgebouwde verzameling rond een van Vlaanderens uiterst veelzijdige kunstenaars. Van kleurrijke schilderijen tot intieme tekeningen, van unieke etsen tot erfgoedobjecten [&hellip;]<\/p>\n","protected":false},"author":1,"featured_media":0,"parent":0,"menu_order":0,"comment_status":"closed","ping_status":"closed","template":"","meta":{"footnotes":""},"class_list":["post-250","page","type-page","status-publish","hentry"],"_links":{"self":[{"href":"https:\/\/www.florisjespers.com\/fr\/wp-json\/wp\/v2\/pages\/250","targetHints":{"allow":["GET"]}}],"collection":[{"href":"https:\/\/www.florisjespers.com\/fr\/wp-json\/wp\/v2\/pages"}],"about":[{"href":"https:\/\/www.florisjespers.com\/fr\/wp-json\/wp\/v2\/types\/page"}],"author":[{"embeddable":true,"href":"https:\/\/www.florisjespers.com\/fr\/wp-json\/wp\/v2\/users\/1"}],"replies":[{"embeddable":true,"href":"https:\/\/www.florisjespers.com\/fr\/wp-json\/wp\/v2\/comments?post=250"}],"version-history":[{"count":44,"href":"https:\/\/www.florisjespers.com\/fr\/wp-json\/wp\/v2\/pages\/250\/revisions"}],"predecessor-version":[{"id":1692,"href":"https:\/\/www.florisjespers.com\/fr\/wp-json\/wp\/v2\/pages\/250\/revisions\/1692"}],"wp:attachment":[{"href":"https:\/\/www.florisjespers.com\/fr\/wp-json\/wp\/v2\/media?parent=250"}],"curies":[{"name":"wp","href":"https:\/\/api.w.org\/{rel}","templated":true}]}}