{"id":252,"date":"2025-06-02T13:14:52","date_gmt":"2025-06-02T13:14:52","guid":{"rendered":"https:\/\/www.florisjespers.com\/?page_id=252"},"modified":"2025-06-29T05:14:28","modified_gmt":"2025-06-29T05:14:28","slug":"02-01-floris-jespers-blikopeners","status":"publish","type":"page","link":"https:\/\/www.florisjespers.com\/fr\/02-01-floris-jespers-blikopeners\/","title":{"rendered":"02-01 Floris Jespers &#8211; blikopeners"},"content":{"rendered":"<h1 class=\"wp-block-heading has-xx-large-font-size\"><strong>Cl\u00e9s de lecture<\/strong><br><strong>de<\/strong><br><strong>l'Art de<\/strong><br><strong>Jespers<\/strong><\/h1>\n\n\n\n<div style=\"height:24px\" aria-hidden=\"true\" class=\"wp-block-spacer\"><\/div>\n\n\n\n<p><strong>La polyvalence <\/strong>de Floris Jespers est l\u00e9gendaire, mais sous les styles changeants se cache une <strong>signature artistique remarquablement coh\u00e9rente<\/strong>. Son \u0153uvre est un dialogue constant entre le <strong>langage de l'artiste<\/strong> l'artiste \u2013 sa ma\u00eetrise unique de la ligne, de la couleur et de la forme \u2013 et la mani\u00e8re dont cet art \u00e9tait <strong>entrelac\u00e9 avec sa vie<\/strong>, ses amiti\u00e9s et le monde. Ces cl\u00e9s de lecture invitent \u00e0 regarder plus en profondeur <strong>la ma\u00eetrise <\/strong>de l'un des modernistes les plus captivants de Flandre.<\/p>\n\n\n\n<div style=\"height:24px\" aria-hidden=\"true\" class=\"wp-block-spacer\"><\/div>\n\n\n\n<figure class=\"wp-block-image aligncenter size-large is-resized\"><img decoding=\"async\" width=\"1024\" height=\"768\" data-src=\"https:\/\/www.florisjespers.com\/wp-content\/uploads\/2025\/06\/jespers_290-1024x768.jpg\" alt=\"\" class=\"wp-image-1178 lazyload\" style=\"--smush-placeholder-width: 1024px; --smush-placeholder-aspect-ratio: 1024\/768;width:373px;height:auto\" data-srcset=\"https:\/\/www.florisjespers.com\/wp-content\/uploads\/2025\/06\/jespers_290-1024x768.jpg 1024w, https:\/\/www.florisjespers.com\/wp-content\/uploads\/2025\/06\/jespers_290-300x225.jpg 300w, https:\/\/www.florisjespers.com\/wp-content\/uploads\/2025\/06\/jespers_290-768x576.jpg 768w, https:\/\/www.florisjespers.com\/wp-content\/uploads\/2025\/06\/jespers_290-1536x1152.jpg 1536w, https:\/\/www.florisjespers.com\/wp-content\/uploads\/2025\/06\/jespers_290.jpg 1600w\" data-sizes=\"(max-width: 1024px) 100vw, 1024px\" src=\"data:image\/svg+xml;base64,PHN2ZyB3aWR0aD0iMSIgaGVpZ2h0PSIxIiB4bWxucz0iaHR0cDovL3d3dy53My5vcmcvMjAwMC9zdmciPjwvc3ZnPg==\" \/><figcaption class=\"wp-element-caption\">Le Cercle de la Cr\u00e9ation. La propre bo\u00eete de peinture de Jespers devant un d\u00e9tail de \u2018L'Annonciation\u2019 (1938-1940), le chef-d'\u0153uvre dans lequel il a immortalis\u00e9 ce m\u00eame objet.<\/figcaption><\/figure>\n\n\n\n<div style=\"height:24px\" aria-hidden=\"true\" class=\"wp-block-spacer\"><\/div>\n\n\n\n<hr class=\"wp-block-separator has-alpha-channel-opacity is-style-wide\"\/>\n\n\n\n<h2 class=\"wp-block-heading\"><strong>Le Langage de l'Artiste :<\/strong><br><strong>Style et Technique<\/strong><\/h2>\n\n\n\n<hr class=\"wp-block-separator has-alpha-channel-opacity\"\/>\n\n\n\n<h2 class=\"wp-block-heading\">La Ligne comme Force : Ma\u00eetrise de l'Expressionnisme<\/h2>\n\n\n\n<p>Pour Jespers, une ligne n'\u00e9tait jamais un simple contour ; c'\u00e9tait de <strong>l'\u00e9nergie pure<\/strong>. Dans son \u0153uvre graphique expressionniste, nous le voyons \u00e0 son apog\u00e9e. Dans la linogravure \u2018Rencontre\u2019 (1919), la ligne n'est pas une description, mais une <strong>\"collision explosive et futuriste\"<\/strong>. C'est un mouvement unique et irr\u00e9sistible qui rend palpables le <strong>choc et la dynamique<\/strong> de l'\u00e8re moderne. Dans ses paysages, comme \u2018Ferme aux saules\u2019, cette m\u00eame ligne devient <strong>nerveuse et tourment\u00e9e<\/strong>, donnant une \u00e2me aux arbres et une profonde charge psychologique au paysage. Jespers ne \u2018dessine\u2019 pas, il laisse la ligne <strong>se battre, danser et vibrer<\/strong>.<\/p>\n\n\n\n<div style=\"height:24px\" aria-hidden=\"true\" class=\"wp-block-spacer\"><\/div>\n\n\n\n<figure class=\"wp-block-image size-large\"><img decoding=\"async\" width=\"1024\" height=\"801\" data-src=\"https:\/\/www.florisjespers.com\/wp-content\/uploads\/2025\/06\/jespers_207-1024x801.jpg\" alt=\"\" class=\"wp-image-740 lazyload\" data-srcset=\"https:\/\/www.florisjespers.com\/wp-content\/uploads\/2025\/06\/jespers_207-1024x801.jpg 1024w, https:\/\/www.florisjespers.com\/wp-content\/uploads\/2025\/06\/jespers_207-300x235.jpg 300w, https:\/\/www.florisjespers.com\/wp-content\/uploads\/2025\/06\/jespers_207-768x600.jpg 768w, https:\/\/www.florisjespers.com\/wp-content\/uploads\/2025\/06\/jespers_207-1536x1201.jpg 1536w, https:\/\/www.florisjespers.com\/wp-content\/uploads\/2025\/06\/jespers_207.jpg 1600w\" data-sizes=\"(max-width: 1024px) 100vw, 1024px\" src=\"data:image\/svg+xml;base64,PHN2ZyB3aWR0aD0iMSIgaGVpZ2h0PSIxIiB4bWxucz0iaHR0cDovL3d3dy53My5vcmcvMjAwMC9zdmciPjwvc3ZnPg==\" style=\"--smush-placeholder-width: 1024px; --smush-placeholder-aspect-ratio: 1024\/801;\" \/><figcaption class=\"wp-element-caption\"><strong>Floris Jespers, <em>Rencontre<\/em>, 1919<\/strong>. Une ligne comme force et collision explosive.<\/figcaption><\/figure>\n\n\n\n<div style=\"height:24px\" aria-hidden=\"true\" class=\"wp-block-spacer\"><\/div>\n\n\n\n<hr class=\"wp-block-separator has-alpha-channel-opacity\"\/>\n\n\n\n<h2 class=\"wp-block-heading\">L'Alchimie du Verre :<br>Les Uniques \u00c9glomis\u00e9s<\/h2>\n\n\n\n<p>La technique de la peinture sous verre (\u00e9glomis\u00e9) est le <strong>test ultime<\/strong> d'un artiste : on peint en <strong>miroir<\/strong> et la touche finale doit \u00eatre pos\u00e9e en <strong>premier<\/strong> . Jespers \u00e9tait un <strong>l'un des rares ma\u00eetres<\/strong> de cet <strong>artisanat exigeant<\/strong>. Avec des \u0153uvres comme \u2018Le Port\u2019 (1964), il a atteint un sommet. En appliquant de la peinture et de la feuille d'or au dos du verre, il a cr\u00e9\u00e9 une <strong>profondeur et une luminosit\u00e9<\/strong> sans pr\u00e9c\u00e9dent. Il a transform\u00e9 une sc\u00e8ne industrielle brute comme le port p\u00e9trolier en une pure <strong>\"po\u00e9sie incandescente\"<\/strong>. Le verre devient entre ses mains un m\u00e9dium alchimique qui ne repr\u00e9sente pas la r\u00e9alit\u00e9, mais l'\u00e9l\u00e8ve au rang de <strong>joyau rayonnant et pr\u00e9cieux<\/strong>.<\/p>\n\n\n\n<div style=\"height:24px\" aria-hidden=\"true\" class=\"wp-block-spacer\"><\/div>\n\n\n\n<figure class=\"wp-block-image aligncenter size-full is-resized\"><img decoding=\"async\" width=\"580\" height=\"775\" data-src=\"https:\/\/www.florisjespers.com\/wp-content\/uploads\/2025\/06\/jespers_226-1.jpg\" alt=\"\" class=\"wp-image-1378 lazyload\" style=\"--smush-placeholder-width: 580px; --smush-placeholder-aspect-ratio: 580\/775;width:591px;height:auto\" data-srcset=\"https:\/\/www.florisjespers.com\/wp-content\/uploads\/2025\/06\/jespers_226-1.jpg 580w, https:\/\/www.florisjespers.com\/wp-content\/uploads\/2025\/06\/jespers_226-1-225x300.jpg 225w\" data-sizes=\"(max-width: 580px) 100vw, 580px\" src=\"data:image\/svg+xml;base64,PHN2ZyB3aWR0aD0iMSIgaGVpZ2h0PSIxIiB4bWxucz0iaHR0cDovL3d3dy53My5vcmcvMjAwMC9zdmciPjwvc3ZnPg==\" \/><figcaption class=\"wp-element-caption\"><strong>Floris Jespers, <em>Le Port<\/em>, 1964<\/strong>. L\u00e0 o\u00f9 l'industrie s'arr\u00eate, la po\u00e9sie commence.<\/figcaption><\/figure>\n\n\n\n<div style=\"height:24px\" aria-hidden=\"true\" class=\"wp-block-spacer\"><\/div>\n\n\n\n<hr class=\"wp-block-separator has-alpha-channel-opacity\"\/>\n\n\n\n<h2 class=\"wp-block-heading\">L'Architecture du Modernisme<\/h2>\n\n\n\n<p>En tant que l'une des figures cl\u00e9s de <strong>l'avant-garde moderniste<\/strong>, Jespers comprenait qu'un tableau devait \u00eatre <strong>\u2018construit\u2019<\/strong>. Sous l'influence du cubisme, il a appris \u00e0 <strong>d\u00e9construire et \u00e0 r\u00e9arranger<\/strong> la r\u00e9alit\u00e9 en une nouvelle logique visuelle puissante. Dans des \u0153uvres comme \u2018Double portrait\u2019 (1923), nous voyons comment il fusionne les principes cubistes et expressionnistes pour capturer non pas l'ext\u00e9rieur, mais la <strong>tension psychologique<\/strong> entre deux figures.<\/p>\n\n\n\n<p>Cette vision architecturale \u2013 la pens\u00e9e en plans, structures et lignes de composition \u2013 reste <strong>l'ossature cach\u00e9e<\/strong> de toute son \u0153uvre, conf\u00e9rant m\u00eame \u00e0 ses \u0153uvres les plus fluides une structure sous-jacente solide comme le fer.<\/p>\n\n\n\n<div style=\"height:24px\" aria-hidden=\"true\" class=\"wp-block-spacer\"><\/div>\n\n\n\n<figure class=\"wp-block-image aligncenter size-full\"><img decoding=\"async\" width=\"1288\" height=\"1600\" data-src=\"https:\/\/www.florisjespers.com\/wp-content\/uploads\/2025\/06\/jespers_051.jpg\" alt=\"\" class=\"wp-image-584 lazyload\" data-srcset=\"https:\/\/www.florisjespers.com\/wp-content\/uploads\/2025\/06\/jespers_051.jpg 1288w, https:\/\/www.florisjespers.com\/wp-content\/uploads\/2025\/06\/jespers_051-242x300.jpg 242w, https:\/\/www.florisjespers.com\/wp-content\/uploads\/2025\/06\/jespers_051-824x1024.jpg 824w, https:\/\/www.florisjespers.com\/wp-content\/uploads\/2025\/06\/jespers_051-768x954.jpg 768w, https:\/\/www.florisjespers.com\/wp-content\/uploads\/2025\/06\/jespers_051-1236x1536.jpg 1236w\" data-sizes=\"(max-width: 1288px) 100vw, 1288px\" src=\"data:image\/svg+xml;base64,PHN2ZyB3aWR0aD0iMSIgaGVpZ2h0PSIxIiB4bWxucz0iaHR0cDovL3d3dy53My5vcmcvMjAwMC9zdmciPjwvc3ZnPg==\" style=\"--smush-placeholder-width: 1288px; --smush-placeholder-aspect-ratio: 1288\/1600;\" \/><figcaption class=\"wp-element-caption\"><strong>Floris Jespers, <em>Double portrait<\/em>, 1923.<\/strong> Plus qu'un portrait : une architecture de l'\u00e2me, o\u00f9 la forme est bris\u00e9e pour r\u00e9v\u00e9ler la tension psychologique sous-jacente.<\/figcaption><\/figure>\n\n\n\n<div style=\"height:23px\" aria-hidden=\"true\" class=\"wp-block-spacer\"><\/div>\n\n\n\n<hr class=\"wp-block-separator has-alpha-channel-opacity is-style-wide\"\/>\n\n\n\n<h2 class=\"wp-block-heading\"><strong>L'Art dans la Vie : Connexions et Contexte<\/strong><\/h2>\n\n\n\n<hr class=\"wp-block-separator has-alpha-channel-opacity\"\/>\n\n\n\n<h2 class=\"wp-block-heading\">Le Pouls de l'Avant-Garde : Amiti\u00e9 et \u0152uvre Graphique<\/h2>\n\n\n\n<p>L'art de Jespers n'est pas n\u00e9 dans le vide, mais au <strong>c\u0153ur bouillonnant<\/strong> de l'avant-garde anversoise. L'amiti\u00e9 avec le po\u00e8te Paul van Ostaijen fut le <strong>\"moteur intellectuel\"<\/strong> qui nourrit son d\u00e9veloppement. Jespers devint un <strong>'illustrateur attitr\u00e9'<\/strong> du mouvement et son \u0153uvre graphique \u00e9tait le <strong>\u201cpouls visuel du renouveau\".<\/strong><\/p>\n\n\n\n<p>Cette collection rend ce lien tangible d'une mani\u00e8re unique. Elle ne contient pas seulement les publications qu'il a illustr\u00e9es, mais aussi une <strong>relique culturelle<\/strong>: le <strong>manuscrit unique, d\u00e9dicac\u00e9<\/strong> du po\u00e8me de Van Ostaijen \u2018Marc groet \u2018s morgens de dingen (Le Matin, Marc salue les choses)\u2019, avec une d\u00e9dicace personnelle au fils de Floris. L'art n'\u00e9tait pas pour Jespers un acte solitaire, mais un <strong>dialogue vivant<\/strong>.<\/p>\n\n\n\n<div style=\"height:23px\" aria-hidden=\"true\" class=\"wp-block-spacer\"><\/div>\n\n\n\n<figure class=\"wp-block-image size-large\"><img decoding=\"async\" width=\"1024\" height=\"959\" data-src=\"https:\/\/www.florisjespers.com\/wp-content\/uploads\/2025\/06\/jespers_295-1024x959.jpg\" alt=\"\" class=\"wp-image-1379 lazyload\" data-srcset=\"https:\/\/www.florisjespers.com\/wp-content\/uploads\/2025\/06\/jespers_295-1024x959.jpg 1024w, https:\/\/www.florisjespers.com\/wp-content\/uploads\/2025\/06\/jespers_295-300x281.jpg 300w, https:\/\/www.florisjespers.com\/wp-content\/uploads\/2025\/06\/jespers_295-768x719.jpg 768w, https:\/\/www.florisjespers.com\/wp-content\/uploads\/2025\/06\/jespers_295.jpg 1067w\" data-sizes=\"(max-width: 1024px) 100vw, 1024px\" src=\"data:image\/svg+xml;base64,PHN2ZyB3aWR0aD0iMSIgaGVpZ2h0PSIxIiB4bWxucz0iaHR0cDovL3d3dy53My5vcmcvMjAwMC9zdmciPjwvc3ZnPg==\" style=\"--smush-placeholder-width: 1024px; --smush-placeholder-aspect-ratio: 1024\/959;\" \/><figcaption class=\"wp-element-caption\"><strong>Paul van Ostaijen, <em>Manuscrit de \u2018Marc groet \u2018s morgens de dingen (Le Matin, Marc salue les choses)\u2019<\/em>, 12\/2024.<\/strong><br>Une relique culturelle avec un secret intime : la d\u00e9dicace \u2018\u00c0 Marc Jespers de Paul\u2019 r\u00e9v\u00e8le l'amiti\u00e9 derri\u00e8re la r\u00e9volution moderniste.<\/figcaption><\/figure>\n\n\n\n<div style=\"height:23px\" aria-hidden=\"true\" class=\"wp-block-spacer\"><\/div>\n\n\n\n<hr class=\"wp-block-separator has-alpha-channel-opacity\"\/>\n\n\n\n<h2 class=\"wp-block-heading\">La R\u00e9sonance du Violoncelle : La Musique dans le Pinceau<\/h2>\n\n\n\n<p>Avant de devenir un peintre c\u00e9l\u00e8bre, Floris Jespers fut pendant des ann\u00e9es <strong>musicien professionnel<\/strong>. Le <strong>violoncelle baroque de 1753<\/strong>, une <strong>pi\u00e8ce ma\u00eetresse <\/strong>de cette collection, fut litt\u00e9ralement l'instrument avec lequel il a fa\u00e7onn\u00e9 sa voix artistique. Cet <strong>ancrage profond dans la musique <\/strong>est nulle part aussi palpable que dans ses <strong>\u0153uvres congolaises<\/strong>. Son don unique pour saisir visuellement <strong>l'essence du mouvement et du son<\/strong> fut \u00e9galement <strong>remarqu\u00e9 \u00e0 l'international par des experts<\/strong> qui ont \u00e9tudi\u00e9 son \u0153uvre dans le contexte de l'imagerie coloniale. <a href=\"https:\/\/www.florisjespers.com\/fr\/?page_id=1362\" data-type=\"page\" data-id=\"1362\">Lisez ici plus de contexte sur l'\u0153uvre de Jespers au Congo colonial<\/a>.<\/p>\n\n\n\n<div style=\"height:24px\" aria-hidden=\"true\" class=\"wp-block-spacer\"><\/div>\n\n\n\n<blockquote class=\"wp-block-quote has-custom-indigo-titel-color has-accent-background-color has-text-color has-background has-link-color wp-elements-9fbab82aa98d11d8f8ae07c7b1e740d0 is-layout-flow wp-block-quote-is-layout-flow\">\n<p class=\"has-x-large-font-size\"><em><strong>\u201cL'un des rares Europ\u00e9ens \u00e0 avoir su r\u00e9ellement capter le rythme abstrait de l'Afrique.\u201d<\/strong><\/em><\/p>\n\n\n\n<p class=\"has-medium-font-size\">Freddie Booker-Carson, la commissaire de l'exposition <em>\u2018Seeing Africa\u2019<\/em> (Tate Britain, 2006) et de la collection <em>\u2018The Africanists\u2019<\/em> (Bonhams, 2009).<\/p>\n<\/blockquote>\n\n\n\n<div style=\"height:24px\" aria-hidden=\"true\" class=\"wp-block-spacer\"><\/div>\n\n\n\n<hr class=\"wp-block-separator has-alpha-channel-opacity\"\/>\n\n\n\n<h2 class=\"wp-block-heading\">L'Humanisation de l'Universel<\/h2>\n\n\n\n<p>Dans sa p\u00e9riode de maturit\u00e9, avec des chefs-d'\u0153uvre comme <strong>\u2018Saint-Fran\u00e7ois\u2019<\/strong>, Jespers montre son don unique pour sonder et <strong>\u2018ancrer\u2019<\/strong>de grands th\u00e8mes universels. Il ne peint pas le saint dans une Italie id\u00e9alis\u00e9e et ensoleill\u00e9e, mais le place comme un <strong>moine monumental et anonyme<\/strong> au milieu d'un <strong>paysage ardennais sombre, lourd et expressif<\/strong>. Peinte pendant les ann\u00e9es de guerre, cette \u0153uvre devient une m\u00e9ditation profonde sur la <strong>pers\u00e9v\u00e9rance, la paix et l'espoir<\/strong> dans les temps les plus sombres.<\/p>\n\n\n\n<p>Cette m\u00e9thode \u2013 d\u00e9pouiller l'anecdote pour atteindre une <strong>quintessence spirituelle et terrestre<\/strong> \u2013 est une cl\u00e9 de toute son \u0153uvre et t\u00e9moigne de sa qu\u00eate d'un art qui n'illustre pas, mais \u00e9meut.<\/p>\n\n\n\n<div style=\"height:24px\" aria-hidden=\"true\" class=\"wp-block-spacer\"><\/div>\n\n\n\n<figure class=\"wp-block-image size-large\"><img decoding=\"async\" width=\"702\" height=\"1024\" data-src=\"https:\/\/www.florisjespers.com\/wp-content\/uploads\/2025\/06\/jespers_296-702x1024.jpg\" alt=\"\" class=\"wp-image-1380 lazyload\" data-srcset=\"https:\/\/www.florisjespers.com\/wp-content\/uploads\/2025\/06\/jespers_296-702x1024.jpg 702w, https:\/\/www.florisjespers.com\/wp-content\/uploads\/2025\/06\/jespers_296-206x300.jpg 206w, https:\/\/www.florisjespers.com\/wp-content\/uploads\/2025\/06\/jespers_296-768x1120.jpg 768w, https:\/\/www.florisjespers.com\/wp-content\/uploads\/2025\/06\/jespers_296-1053x1536.jpg 1053w, https:\/\/www.florisjespers.com\/wp-content\/uploads\/2025\/06\/jespers_296.jpg 1097w\" data-sizes=\"(max-width: 702px) 100vw, 702px\" src=\"data:image\/svg+xml;base64,PHN2ZyB3aWR0aD0iMSIgaGVpZ2h0PSIxIiB4bWxucz0iaHR0cDovL3d3dy53My5vcmcvMjAwMC9zdmciPjwvc3ZnPg==\" style=\"--smush-placeholder-width: 702px; --smush-placeholder-aspect-ratio: 702\/1024;\" \/><figcaption class=\"wp-element-caption\"><strong>Floris Jespers, <em>Saint-Fran\u00e7ois,<\/em> 1943. <\/strong>Peint dans les ann\u00e9es les plus sombres de la guerre, le symbole universel de la paix est ici port\u00e9 non par un saint id\u00e9alis\u00e9, mais par un homme anonyme et terrestre.<\/figcaption><\/figure>\n\n\n\n<div style=\"text-align: right;\">\n  <a href=\"#top\" style=\"font-size: 2em; text-decoration: none;\">\u2b06\ufe0f<\/a>\n<\/div>\n\n\n\n<hr class=\"wp-block-separator has-alpha-channel-opacity\"\/>","protected":false},"excerpt":{"rendered":"<p>BlikopenersopJespers&#8217;Kunst De veelzijdigheid van Floris Jespers is legendarisch, maar onder de wisselende stijlen schuilt een opmerkelijk coherente artistieke handtekening. Zijn werk is een constante dialoog tussen de taal van de kunstenaar \u2013 zijn unieke beheersing van lijn, kleur en vorm \u2013 en de manier waarop die kunst verweven was met zijn leven, zijn vriendschappen en [&hellip;]<\/p>\n","protected":false},"author":1,"featured_media":0,"parent":0,"menu_order":0,"comment_status":"closed","ping_status":"closed","template":"","meta":{"footnotes":""},"class_list":["post-252","page","type-page","status-publish","hentry"],"_links":{"self":[{"href":"https:\/\/www.florisjespers.com\/fr\/wp-json\/wp\/v2\/pages\/252","targetHints":{"allow":["GET"]}}],"collection":[{"href":"https:\/\/www.florisjespers.com\/fr\/wp-json\/wp\/v2\/pages"}],"about":[{"href":"https:\/\/www.florisjespers.com\/fr\/wp-json\/wp\/v2\/types\/page"}],"author":[{"embeddable":true,"href":"https:\/\/www.florisjespers.com\/fr\/wp-json\/wp\/v2\/users\/1"}],"replies":[{"embeddable":true,"href":"https:\/\/www.florisjespers.com\/fr\/wp-json\/wp\/v2\/comments?post=252"}],"version-history":[{"count":47,"href":"https:\/\/www.florisjespers.com\/fr\/wp-json\/wp\/v2\/pages\/252\/revisions"}],"predecessor-version":[{"id":1734,"href":"https:\/\/www.florisjespers.com\/fr\/wp-json\/wp\/v2\/pages\/252\/revisions\/1734"}],"wp:attachment":[{"href":"https:\/\/www.florisjespers.com\/fr\/wp-json\/wp\/v2\/media?parent=252"}],"curies":[{"name":"wp","href":"https:\/\/api.w.org\/{rel}","templated":true}]}}